{"id":801,"date":"2025-10-13T15:05:15","date_gmt":"2025-10-13T15:05:15","guid":{"rendered":"https:\/\/embar.eib.hr\/?page_id=801"},"modified":"2025-11-11T13:23:21","modified_gmt":"2025-11-11T13:23:21","slug":"karijere","status":"publish","type":"page","link":"https:\/\/embar.eib.hr\/hr\/karijere\/","title":{"rendered":"Karijere"},"content":{"rendered":"\t\t<div data-elementor-type=\"wp-page\" data-elementor-id=\"801\" class=\"elementor elementor-801 elementor-532\" data-elementor-post-type=\"page\">\n\t\t\t\t<div class=\"elementor-element elementor-element-4b61b76 e-flex e-con-boxed e-con e-parent\" data-id=\"4b61b76\" data-element_type=\"container\" data-e-type=\"container\">\n\t\t\t\t\t<div class=\"e-con-inner\">\n\t\t\t\t<div class=\"elementor-element elementor-element-c892ec2 elementor-widget elementor-widget-text-editor\" data-id=\"c892ec2\" data-element_type=\"widget\" data-e-type=\"widget\" data-widget_type=\"text-editor.default\">\n\t\t\t\t\t\t\t\t\t<p>Temelj na\u0161eg uspjeha je <strong>kvaliteta,<\/strong> prepoznata i \u010desto pohvaljena od strane na\u0161ih klijenata, koja proizlazi iz na\u0161ih zaposlenika: <strong>visoko motiviranih i stru\u010dnih in\u017eenjera<\/strong> koji \u010dine stabilan i predan tim.\u00a0Pru\u017eamo priliku mladim stru\u010dnjacima koje mentoriramo, a oni nam uzvra\u0107aju svojom izvrsno\u0161\u0107u i dugoro\u010dnom posve\u0107eno\u0161\u0107u tvrtki.<\/p>\t\t\t\t\t\t\t\t<\/div>\n\t\t\t\t\t<\/div>\n\t\t\t\t<\/div>\n\t\t<div class=\"elementor-element elementor-element-8b6f57a e-flex e-con-boxed e-con e-parent\" data-id=\"8b6f57a\" data-element_type=\"container\" data-e-type=\"container\">\n\t\t\t\t\t<div class=\"e-con-inner\">\n\t\t<div class=\"elementor-element elementor-element-0242068 e-con-full e-flex e-con e-child\" data-id=\"0242068\" data-element_type=\"container\" data-e-type=\"container\">\n\t\t\t\t<div class=\"elementor-element elementor-element-79482ec elementor-widget elementor-widget-image\" data-id=\"79482ec\" data-element_type=\"widget\" data-e-type=\"widget\" data-widget_type=\"image.default\">\n\t\t\t\t\t\t\t\t\t\t\t\t\t\t\t<img fetchpriority=\"high\" decoding=\"async\" width=\"1024\" height=\"684\" src=\"https:\/\/embar.eib.hr\/wp-content\/uploads\/2023\/04\/ocean_galler-item-004.jpg\" class=\"attachment-large size-large wp-image-701\" alt=\"\" srcset=\"https:\/\/embar.eib.hr\/wp-content\/uploads\/2023\/04\/ocean_galler-item-004.jpg 1024w, https:\/\/embar.eib.hr\/wp-content\/uploads\/2023\/04\/ocean_galler-item-004-300x200.jpg 300w, https:\/\/embar.eib.hr\/wp-content\/uploads\/2023\/04\/ocean_galler-item-004-768x513.jpg 768w\" sizes=\"(max-width: 1024px) 100vw, 1024px\" \/>\t\t\t\t\t\t\t\t\t\t\t\t\t\t\t<\/div>\n\t\t\t\t<\/div>\n\t\t<div class=\"elementor-element elementor-element-8052541 e-con-full e-flex e-con e-child\" data-id=\"8052541\" data-element_type=\"container\" data-e-type=\"container\">\n\t\t\t\t<div class=\"elementor-element elementor-element-fb37dbd elementor-widget elementor-widget-text-editor\" data-id=\"fb37dbd\" data-element_type=\"widget\" data-e-type=\"widget\" data-widget_type=\"text-editor.default\">\n\t\t\t\t\t\t\t\t\t<p data-start=\"494\" data-end=\"782\"><strong>Prosje\u010dna dob zaposlenika<\/strong> u EIB-u, \u010diji je EMBAR izdvojeni odjel od 2024. godine, je <strong>33 godine,<\/strong> uz devet godina profesionalnog iskustva, \u0161to pokazuje da su mnogi s nama od samih po\u010detaka svojih karijera.<\/p><p data-start=\"494\" data-end=\"782\">Tako niska stopa fluktuacije zaposlenika osiguva <strong>kontinuitet znanja, stru\u010dnosti i pouzdanosti u realizaciji<\/strong> slo\u017eenih tehni\u010dkih rje\u0161enja.<\/p><p><strong>Radimo u manjim, suradni\u010dkim timovima<\/strong> u kojima svatko doprinosi idejama, sudjeluje u dono\u0161enju odluka i oblikovanju kona\u010dnih rje\u0161enja.\u00a0<\/p><p><span style=\"font-family: Montserrat; font-size: 19px; font-style: normal; font-variant-ligatures: normal; font-variant-caps: normal; font-weight: 400;\">Svaki projekt donosi novi izazov, ali i slobodu da budemo kreativni te prostor za profesionalni i osobni rast.<\/span><\/p>\t\t\t\t\t\t\t\t<\/div>\n\t\t\t\t<\/div>\n\t\t\t\t\t<\/div>\n\t\t\t\t<\/div>\n\t\t<div class=\"elementor-element elementor-element-dc7b823 e-grid e-con-boxed e-con e-parent\" data-id=\"dc7b823\" data-element_type=\"container\" data-e-type=\"container\">\n\t\t\t\t\t<div class=\"e-con-inner\">\n\t\t\t\t<div class=\"elementor-element elementor-element-5611820 elementor-widget elementor-widget-text-editor\" data-id=\"5611820\" data-element_type=\"widget\" data-e-type=\"widget\" data-widget_type=\"text-editor.default\">\n\t\t\t\t\t\t\t\t\t<p>Kada su projekti u tijeku, fleksibilnost je va\u017ena \u2013 mnogi na\u0161i kolege redovito koriste <strong>mogu\u0107nost rada od ku\u0107e.<\/strong><\/p><p data-start=\"1149\" data-end=\"1431\">Raznolikost i opseg projekata, u kombinaciji s iskustvom na\u0161ih senior in\u017eenjera, stvaraju idealno okru\u017eenje za <strong>kontinuirano u\u010denje i napredak.<\/strong><\/p><p data-start=\"1149\" data-end=\"1431\"><br data-start=\"1291\" data-end=\"1294\" \/>Poti\u010demo znati\u017eelju, podr\u017eavamo razvoj i nagra\u0111ujemo inicijativu kroz <strong>sustav benefita<\/strong> koji prepoznaje i timski i individualni doprinos.<\/p><p data-start=\"1433\" data-end=\"1577\">\u00a0<\/p>\t\t\t\t\t\t\t\t<\/div>\n\t\t\t\t<div class=\"elementor-element elementor-element-92f683c elementor-widget elementor-widget-image\" data-id=\"92f683c\" data-element_type=\"widget\" data-e-type=\"widget\" data-widget_type=\"image.default\">\n\t\t\t\t\t\t\t\t\t\t\t\t\t\t\t<img decoding=\"async\" width=\"1024\" height=\"684\" src=\"https:\/\/embar.eib.hr\/wp-content\/uploads\/2023\/04\/ocean_galler-item-006.jpg\" class=\"attachment-large size-large wp-image-684\" alt=\"\" srcset=\"https:\/\/embar.eib.hr\/wp-content\/uploads\/2023\/04\/ocean_galler-item-006.jpg 1024w, https:\/\/embar.eib.hr\/wp-content\/uploads\/2023\/04\/ocean_galler-item-006-300x200.jpg 300w, https:\/\/embar.eib.hr\/wp-content\/uploads\/2023\/04\/ocean_galler-item-006-768x513.jpg 768w\" sizes=\"(max-width: 1024px) 100vw, 1024px\" \/>\t\t\t\t\t\t\t\t\t\t\t\t\t\t\t<\/div>\n\t\t\t\t\t<\/div>\n\t\t\t\t<\/div>\n\t\t<div class=\"elementor-element elementor-element-96be6be e-grid e-con-boxed e-con e-parent\" data-id=\"96be6be\" data-element_type=\"container\" data-e-type=\"container\">\n\t\t\t\t\t<div class=\"e-con-inner\">\n\t\t\t\t<div class=\"elementor-element elementor-element-eae6203 elementor-widget elementor-widget-image\" data-id=\"eae6203\" data-element_type=\"widget\" data-e-type=\"widget\" data-widget_type=\"image.default\">\n\t\t\t\t\t\t\t\t\t\t\t\t\t\t\t<img decoding=\"async\" width=\"1024\" height=\"684\" src=\"https:\/\/embar.eib.hr\/wp-content\/uploads\/2023\/04\/ocean_galler-item-013.jpg\" class=\"attachment-large size-large wp-image-800\" alt=\"\" srcset=\"https:\/\/embar.eib.hr\/wp-content\/uploads\/2023\/04\/ocean_galler-item-013.jpg 1024w, https:\/\/embar.eib.hr\/wp-content\/uploads\/2023\/04\/ocean_galler-item-013-300x200.jpg 300w, https:\/\/embar.eib.hr\/wp-content\/uploads\/2023\/04\/ocean_galler-item-013-768x513.jpg 768w\" sizes=\"(max-width: 1024px) 100vw, 1024px\" \/>\t\t\t\t\t\t\t\t\t\t\t\t\t\t\t<\/div>\n\t\t\t\t<div class=\"elementor-element elementor-element-aee933b elementor-widget elementor-widget-text-editor\" data-id=\"aee933b\" data-element_type=\"widget\" data-e-type=\"widget\" data-widget_type=\"text-editor.default\">\n\t\t\t\t\t\t\t\t\t<p>Nismo samo suradnici \u2013 mi smo blizak tim koji voli provoditi vrijeme zajedno, bilo uz zajedni\u010dki ru\u010dak, neformalne susrete ili team buildinge.<\/p>\t\t\t\t\t\t\t\t<\/div>\n\t\t\t\t\t<\/div>\n\t\t\t\t<\/div>\n\t\t<div class=\"elementor-element elementor-element-82b80cb e-grid e-con-boxed e-con e-parent\" data-id=\"82b80cb\" data-element_type=\"container\" data-e-type=\"container\">\n\t\t\t\t\t<div class=\"e-con-inner\">\n\t\t\t\t<div class=\"elementor-element elementor-element-ed3bbd3 elementor-widget elementor-widget-text-editor\" data-id=\"ed3bbd3\" data-element_type=\"widget\" data-e-type=\"widget\" data-widget_type=\"text-editor.default\">\n\t\t\t\t\t\t\t\t\t<p>Ako ste motivirani i spremni ulagati trud, zasigurno \u0107ete rasti zajedno s na\u0161im timom.<br data-start=\"1683\" data-end=\"1686\" \/>Taj rast prate brojni benefiti, me\u0111u kojima su:<\/p><ul><li data-start=\"1739\" data-end=\"1830\">fleksibilno radno vrijeme i mogu\u0107nost rada od ku\u0107e nekoliko dana tjedno nakon uhodavanja,<\/li><li data-start=\"1833\" data-end=\"1873\">razne pogodnosti usmjerene na obitelj,<\/li><li data-start=\"1876\" data-end=\"1917\">dodatni slobodni dani i godi\u0161nji odmor,<\/li><li data-start=\"1920\" data-end=\"1990\">zajedni\u010dki ru\u010dkovi, dru\u0161tvena okupljanja i team building aktivnosti,<\/li><li data-start=\"1993\" data-end=\"2084\">zna\u010dajne timske i individualne nagrade temeljem uspje\u0161nosti, uklju\u010duju\u0107i bonuse i regres,<\/li><li data-start=\"2087\" data-end=\"2157\">pla\u0107eni prekovremeni sati, tre\u0107i mirovinski stup i druge pogodnosti,<\/li><li data-start=\"2160\" data-end=\"2233\">redovita pove\u0107anja pla\u0107e u skladu s razvojem, anga\u017emanom i rezultatima.<\/li><\/ul>\t\t\t\t\t\t\t\t<\/div>\n\t\t\t\t<div class=\"elementor-element elementor-element-677fc9b elementor-widget elementor-widget-image\" data-id=\"677fc9b\" data-element_type=\"widget\" data-e-type=\"widget\" data-widget_type=\"image.default\">\n\t\t\t\t\t\t\t\t\t\t\t\t\t\t\t<img loading=\"lazy\" decoding=\"async\" width=\"1024\" height=\"684\" src=\"https:\/\/embar.eib.hr\/wp-content\/uploads\/2025\/10\/EMBAR-job.png\" class=\"attachment-full size-full wp-image-704\" alt=\"\" srcset=\"https:\/\/embar.eib.hr\/wp-content\/uploads\/2025\/10\/EMBAR-job.png 1024w, https:\/\/embar.eib.hr\/wp-content\/uploads\/2025\/10\/EMBAR-job-300x200.png 300w, https:\/\/embar.eib.hr\/wp-content\/uploads\/2025\/10\/EMBAR-job-768x513.png 768w\" sizes=\"(max-width: 1024px) 100vw, 1024px\" \/>\t\t\t\t\t\t\t\t\t\t\t\t\t\t\t<\/div>\n\t\t\t\t\t<\/div>\n\t\t\t\t<\/div>\n\t\t<div class=\"elementor-element elementor-element-0a31ba1 e-flex e-con-boxed e-con e-parent\" data-id=\"0a31ba1\" data-element_type=\"container\" data-e-type=\"container\">\n\t\t\t\t\t<div class=\"e-con-inner\">\n\t\t\t\t<div class=\"elementor-element elementor-element-6afcea1 elementor-widget elementor-widget-text-editor\" data-id=\"6afcea1\" data-element_type=\"widget\" data-e-type=\"widget\" data-widget_type=\"text-editor.default\">\n\t\t\t\t\t\t\t\t\t<h2><strong>Osje\u0107ate li da biste mogli biti dio na\u0161e pri\u010de?<\/strong><\/h2><p>Osje\u0107ate li da biste mogli biti dio na\u0161e pri\u010de?<br data-start=\"2282\" data-end=\"2285\" \/>Prijavite se na neki od otvorenih natje\u010daja.<br data-start=\"2329\" data-end=\"2332\" \/>Ako trenutno nema aktivnih oglasa za posao, po\u0161aljite nam svoj \u017eivotopis i motivacijsko pismo putem e-maila.<\/p>\t\t\t\t\t\t\t\t<\/div>\n\t\t\t\t\t<\/div>\n\t\t\t\t<\/div>\n\t\t<div class=\"elementor-element elementor-element-c8d0efa e-flex e-con-boxed e-con e-parent\" data-id=\"c8d0efa\" data-element_type=\"container\" data-e-type=\"container\">\n\t\t\t\t\t<div class=\"e-con-inner\">\n\t\t\t\t<div class=\"elementor-element elementor-element-d77ce7a elementor-widget elementor-widget-heading\" data-id=\"d77ce7a\" data-element_type=\"widget\" data-e-type=\"widget\" data-widget_type=\"heading.default\">\n\t\t\t\t\t<h2 class=\"elementor-heading-title elementor-size-default\">Otvorene pozicije<\/h2>\t\t\t\t<\/div>\n\t\t\t\t\t<\/div>\n\t\t\t\t<\/div>\n\t\t<div class=\"elementor-element elementor-element-3c4196d e-grid e-con-boxed e-con e-parent\" data-id=\"3c4196d\" data-element_type=\"container\" data-e-type=\"container\">\n\t\t\t\t\t<div class=\"e-con-inner\">\n\t\t\t\t<div class=\"elementor-element elementor-element-40d91a4 elementor-widget elementor-widget-image\" data-id=\"40d91a4\" data-element_type=\"widget\" data-e-type=\"widget\" data-widget_type=\"image.default\">\n\t\t\t\t\t\t\t\t\t\t\t\t\t\t\t<img decoding=\"async\" src=\"https:\/\/embar.eib.hr\/wp-content\/plugins\/elementor\/assets\/images\/placeholder.png\" title=\"\" alt=\"\" loading=\"lazy\" \/>\t\t\t\t\t\t\t\t\t\t\t\t\t\t\t<\/div>\n\t\t\t\t<div class=\"elementor-element elementor-element-575724a elementor-widget elementor-widget-image\" data-id=\"575724a\" data-element_type=\"widget\" data-e-type=\"widget\" data-widget_type=\"image.default\">\n\t\t\t\t\t\t\t\t\t\t\t\t\t\t\t<img decoding=\"async\" src=\"https:\/\/embar.eib.hr\/wp-content\/plugins\/elementor\/assets\/images\/placeholder.png\" title=\"\" alt=\"\" loading=\"lazy\" \/>\t\t\t\t\t\t\t\t\t\t\t\t\t\t\t<\/div>\n\t\t\t\t<div class=\"elementor-element elementor-element-f6c130a elementor-widget elementor-widget-image\" data-id=\"f6c130a\" data-element_type=\"widget\" data-e-type=\"widget\" data-widget_type=\"image.default\">\n\t\t\t\t\t\t\t\t\t\t\t\t\t\t\t<img decoding=\"async\" src=\"https:\/\/embar.eib.hr\/wp-content\/plugins\/elementor\/assets\/images\/placeholder.png\" title=\"\" alt=\"\" loading=\"lazy\" \/>\t\t\t\t\t\t\t\t\t\t\t\t\t\t\t<\/div>\n\t\t\t\t\t<\/div>\n\t\t\t\t<\/div>\n\t\t\t\t<\/div>\n\t\t","protected":false},"excerpt":{"rendered":"<p>Temelj na\u0161eg uspjeha je kvaliteta, prepoznata i \u010desto pohvaljena od strane na\u0161ih klijenata, koja proizlazi iz na\u0161ih zaposlenika: visoko motiviranih i stru\u010dnih in\u017eenjera koji \u010dine stabilan i predan tim.\u00a0Pru\u017eamo priliku mladim stru\u010dnjacima koje mentoriramo, a oni nam uzvra\u0107aju svojom izvrsno\u0161\u0107u i dugoro\u010dnom posve\u0107eno\u0161\u0107u tvrtki. Prosje\u010dna dob zaposlenika u EIB-u, \u010diji je EMBAR izdvojeni odjel od [&hellip;]<\/p>\n","protected":false},"author":1,"featured_media":0,"parent":0,"menu_order":0,"comment_status":"closed","ping_status":"closed","template":"elementor_header_footer","meta":{"ocean_post_layout":"","ocean_both_sidebars_style":"","ocean_both_sidebars_content_width":0,"ocean_both_sidebars_sidebars_width":0,"ocean_sidebar":"","ocean_second_sidebar":"","ocean_disable_margins":"enable","ocean_add_body_class":"","ocean_shortcode_before_top_bar":"","ocean_shortcode_after_top_bar":"","ocean_shortcode_before_header":"","ocean_shortcode_after_header":"","ocean_has_shortcode":"","ocean_shortcode_after_title":"","ocean_shortcode_before_footer_widgets":"","ocean_shortcode_after_footer_widgets":"","ocean_shortcode_before_footer_bottom":"","ocean_shortcode_after_footer_bottom":"","ocean_display_top_bar":"default","ocean_display_header":"default","ocean_header_style":"","ocean_center_header_left_menu":"","ocean_custom_header_template":"","ocean_custom_logo":0,"ocean_custom_retina_logo":0,"ocean_custom_logo_max_width":0,"ocean_custom_logo_tablet_max_width":0,"ocean_custom_logo_mobile_max_width":0,"ocean_custom_logo_max_height":0,"ocean_custom_logo_tablet_max_height":0,"ocean_custom_logo_mobile_max_height":0,"ocean_header_custom_menu":"","ocean_menu_typo_font_family":"","ocean_menu_typo_font_subset":"","ocean_menu_typo_font_size":0,"ocean_menu_typo_font_size_tablet":0,"ocean_menu_typo_font_size_mobile":0,"ocean_menu_typo_font_size_unit":"px","ocean_menu_typo_font_weight":"","ocean_menu_typo_font_weight_tablet":"","ocean_menu_typo_font_weight_mobile":"","ocean_menu_typo_transform":"","ocean_menu_typo_transform_tablet":"","ocean_menu_typo_transform_mobile":"","ocean_menu_typo_line_height":0,"ocean_menu_typo_line_height_tablet":0,"ocean_menu_typo_line_height_mobile":0,"ocean_menu_typo_line_height_unit":"","ocean_menu_typo_spacing":0,"ocean_menu_typo_spacing_tablet":0,"ocean_menu_typo_spacing_mobile":0,"ocean_menu_typo_spacing_unit":"","ocean_menu_link_color":"","ocean_menu_link_color_hover":"","ocean_menu_link_color_active":"","ocean_menu_link_background":"","ocean_menu_link_hover_background":"","ocean_menu_link_active_background":"","ocean_menu_social_links_bg":"","ocean_menu_social_hover_links_bg":"","ocean_menu_social_links_color":"","ocean_menu_social_hover_links_color":"","ocean_disable_title":"default","ocean_disable_heading":"default","ocean_post_title":"","ocean_post_subheading":"","ocean_post_title_style":"","ocean_post_title_background_color":"","ocean_post_title_background":0,"ocean_post_title_bg_image_position":"","ocean_post_title_bg_image_attachment":"","ocean_post_title_bg_image_repeat":"","ocean_post_title_bg_image_size":"","ocean_post_title_height":0,"ocean_post_title_bg_overlay":0.5,"ocean_post_title_bg_overlay_color":"","ocean_disable_breadcrumbs":"default","ocean_breadcrumbs_color":"","ocean_breadcrumbs_separator_color":"","ocean_breadcrumbs_links_color":"","ocean_breadcrumbs_links_hover_color":"","ocean_display_footer_widgets":"default","ocean_display_footer_bottom":"default","ocean_custom_footer_template":"","osh_disable_topbar_sticky":"default","osh_disable_header_sticky":"default","osh_sticky_header_style":"default","osh_sticky_header_effect":"","osh_custom_sticky_logo":0,"osh_custom_retina_sticky_logo":0,"osh_custom_sticky_logo_height":0,"osh_background_color":"","osh_links_color":"","osh_links_hover_color":"","osh_links_active_color":"","osh_links_bg_color":"","osh_links_hover_bg_color":"","osh_links_active_bg_color":"","osh_menu_social_links_color":"","osh_menu_social_hover_links_color":"","footnotes":""},"class_list":["post-801","page","type-page","status-publish","hentry","entry"],"_links":{"self":[{"href":"https:\/\/embar.eib.hr\/hr\/wp-json\/wp\/v2\/pages\/801","targetHints":{"allow":["GET"]}}],"collection":[{"href":"https:\/\/embar.eib.hr\/hr\/wp-json\/wp\/v2\/pages"}],"about":[{"href":"https:\/\/embar.eib.hr\/hr\/wp-json\/wp\/v2\/types\/page"}],"author":[{"embeddable":true,"href":"https:\/\/embar.eib.hr\/hr\/wp-json\/wp\/v2\/users\/1"}],"replies":[{"embeddable":true,"href":"https:\/\/embar.eib.hr\/hr\/wp-json\/wp\/v2\/comments?post=801"}],"version-history":[{"count":11,"href":"https:\/\/embar.eib.hr\/hr\/wp-json\/wp\/v2\/pages\/801\/revisions"}],"predecessor-version":[{"id":874,"href":"https:\/\/embar.eib.hr\/hr\/wp-json\/wp\/v2\/pages\/801\/revisions\/874"}],"wp:attachment":[{"href":"https:\/\/embar.eib.hr\/hr\/wp-json\/wp\/v2\/media?parent=801"}],"curies":[{"name":"wp","href":"https:\/\/api.w.org\/{rel}","templated":true}]}}