{"id":713,"date":"2025-10-13T13:06:28","date_gmt":"2025-10-13T13:06:28","guid":{"rendered":"https:\/\/embar.eib.hr\/?page_id=713"},"modified":"2025-12-05T08:48:48","modified_gmt":"2025-12-05T08:48:48","slug":"nase-usluge","status":"publish","type":"page","link":"https:\/\/embar.eib.hr\/hr\/nase-usluge\/","title":{"rendered":"Na\u0161e usluge"},"content":{"rendered":"\t\t<div data-elementor-type=\"wp-page\" data-elementor-id=\"713\" class=\"elementor elementor-713 elementor-512\" data-elementor-post-type=\"page\">\n\t\t\t\t<div class=\"elementor-element elementor-element-0ba67ba e-flex e-con-boxed e-con e-parent\" data-id=\"0ba67ba\" data-element_type=\"container\" data-e-type=\"container\">\n\t\t\t\t\t<div class=\"e-con-inner\">\n\t\t\t\t<div class=\"elementor-element elementor-element-9da8a4d elementor-widget elementor-widget-text-editor\" data-id=\"9da8a4d\" data-element_type=\"widget\" data-e-type=\"widget\" data-widget_type=\"text-editor.default\">\n\t\t\t\t\t\t\t\t\t<p data-start=\"228\" data-end=\"428\"><strong data-start=\"228\" data-end=\"237\">EMBAR<\/strong> se bavi savjetovanjem, planiranjem i izgradnjom sun\u010danih elektrana, punionica za elektri\u010dna vozila, priklju\u010dnih transformatorskih stanica te baterijskih sustava za pohranu energije (BESS).<\/p><p data-start=\"430\" data-end=\"612\">U sklopu projekata izra\u0111ujemo i <strong>vlastite elektri\u010dne za\u0161titne ormare,<\/strong> potpuno prilago\u0111ene tehni\u010dkim specifikacijama svakog sustava. Rje\u0161enja isporu\u010dujemo po principu <strong>\u201eklju\u010d u ruke\u201c.<\/strong><\/p><p data-start=\"614\" data-end=\"809\">Spajamo stru\u010dnost, inovativnost i fleksibilnost kako bismo pru\u017eili optimizirana, pouzdana i dugoro\u010dno isplativa energetska rje\u0161enja za ku\u0107anstva, hotele, poslovne objekte i industrijske pogone.<\/p>\t\t\t\t\t\t\t\t<\/div>\n\t\t\t\t\t<\/div>\n\t\t\t\t<\/div>\n\t\t<div class=\"elementor-element elementor-element-3814f59 e-grid e-con-boxed e-con e-parent\" data-id=\"3814f59\" data-element_type=\"container\" data-e-type=\"container\">\n\t\t\t\t\t<div class=\"e-con-inner\">\n\t\t<div class=\"elementor-element elementor-element-1a8a427 e-con-full e-flex e-con e-child\" data-id=\"1a8a427\" data-element_type=\"container\" data-e-type=\"container\" data-settings=\"{&quot;background_background&quot;:&quot;classic&quot;}\">\n\t\t\t\t<\/div>\n\t\t<div class=\"elementor-element elementor-element-a616108 e-con-full e-flex e-con e-child\" data-id=\"a616108\" data-element_type=\"container\" data-e-type=\"container\" data-settings=\"{&quot;background_background&quot;:&quot;classic&quot;}\">\n\t\t\t\t<div class=\"elementor-element elementor-element-adcd3dc elementor-widget elementor-widget-text-editor\" data-id=\"adcd3dc\" data-element_type=\"widget\" data-e-type=\"widget\" id=\"consulting\" data-widget_type=\"text-editor.default\">\n\t\t\t\t\t\t\t\t\t<h1>SAVJETOVANJE<\/h1><p>Kao \u0161to svako putovanje po\u010dinje prvim korakom, tako i svaka uspje\u0161na energetska investicija po\u010dinje s pouzdanom stru\u010dnom analizom.<\/p><p>EMBAR pru\u017ea sveobuhvatno <strong>tehni\u010dko, financijsko i regulatorno savjetovanje<\/strong> za projekte sun\u010danih elektrana, punionica elektri\u010dnih vozila, baterijskih sustava (BESS) i elektroenergetskih priklju\u010daka.<\/p><p>Izra\u0111ujemo <strong>idejna rje\u0161enja<\/strong>, <strong>financijske analize isplativosti<\/strong>, kao i <strong>studije izvedivosti<\/strong> koje vam poma\u017eu u dono\u0161enju ispravnih odluka. Na\u0161im iskustvom dajemo punu podr\u0161ku u svakom koraku procesa prema regulatornim, javno-pravnim i ostalim nadle\u017enim tijelima u isho\u0111enju dozvola, priklju\u010daka, mi\u0161ljenja, odobrenja i ostalih potrebnih formalnih elemenata potrebnih za va\u0161 kona\u010dni cilj.<\/p><p><strong>Pratiimo projekt od samog po\u010detka<\/strong> \u2013 od prvog upita do kona\u010dne realizacije \u2013 s ciljem osiguranja optimalnog tehni\u010dkog i ekonomskog rje\u0161enja.<\/p>\t\t\t\t\t\t\t\t<\/div>\n\t\t\t\t<\/div>\n\t\t\t\t\t<\/div>\n\t\t\t\t<\/div>\n\t\t<div class=\"elementor-element elementor-element-b18dca6 e-grid e-con-boxed e-con e-parent\" data-id=\"b18dca6\" data-element_type=\"container\" data-e-type=\"container\">\n\t\t\t\t\t<div class=\"e-con-inner\">\n\t\t<div class=\"elementor-element elementor-element-4a5f977 e-con-full e-flex e-con e-child\" data-id=\"4a5f977\" data-element_type=\"container\" data-e-type=\"container\" data-settings=\"{&quot;background_background&quot;:&quot;classic&quot;}\">\n\t\t\t\t<div class=\"elementor-element elementor-element-dddf2a2 elementor-widget elementor-widget-text-editor\" data-id=\"dddf2a2\" data-element_type=\"widget\" data-e-type=\"widget\" id=\"design\" data-widget_type=\"text-editor.default\">\n\t\t\t\t\t\t\t\t\t<h2>PLANIRANJE I PROJEKTIRANJE<\/h2><p>Specijalizirani smo za izradu tehni\u010dke dokumentacije i projektiranje:<\/p><ul><li>sun\u010danih elektrana svih veli\u010dina (za ku\u0107anstva, poslovne i industrijske objekte),<\/li><li>sustava za punjenje elektri\u010dnih vozila,<\/li><li>priklju\u010dnih transformatorskih stanica,<\/li><li>baterijskih sustava za pohranu energije (BESS),<\/li><li>fotonaponskih modula i fotonaponskih sustava,<\/li><li>sustava daljinskog nadzora i upravljanja energetskim postrojenjima.<\/li><\/ul>\t\t\t\t\t\t\t\t<\/div>\n\t\t\t\t<\/div>\n\t\t<div class=\"elementor-element elementor-element-4130933 e-con-full e-flex e-con e-child\" data-id=\"4130933\" data-element_type=\"container\" data-e-type=\"container\" data-settings=\"{&quot;background_background&quot;:&quot;classic&quot;}\">\n\t\t\t\t<\/div>\n\t\t\t\t\t<\/div>\n\t\t\t\t<\/div>\n\t\t<div class=\"elementor-element elementor-element-a0207a8 e-flex e-con-boxed e-con e-parent\" data-id=\"a0207a8\" data-element_type=\"container\" data-e-type=\"container\">\n\t\t\t\t\t<div class=\"e-con-inner\">\n\t\t\t\t<div class=\"elementor-element elementor-element-4d0b813 elementor-widget elementor-widget-text-editor\" data-id=\"4d0b813\" data-element_type=\"widget\" data-e-type=\"widget\" data-widget_type=\"text-editor.default\">\n\t\t\t\t\t\t\t\t\t<p>U sklopu projektiranja tako\u0111er vodimo <strong>administrativni postupak isho\u0111enja suglasnosti, dozvola <\/strong>te ostalih koraka za osiguranje priklju\u010dka i aktova za gra\u0111enje kod nadle\u017enih tijela i operatora distribucijskog i prijenosnog sustava, \u010dime investitorima olak\u0161avamo cjelokupan proces.<\/p>\t\t\t\t\t\t\t\t<\/div>\n\t\t\t\t\t<\/div>\n\t\t\t\t<\/div>\n\t\t<div class=\"elementor-element elementor-element-f7b62af e-grid e-con-boxed e-con e-parent\" data-id=\"f7b62af\" data-element_type=\"container\" data-e-type=\"container\">\n\t\t\t\t\t<div class=\"e-con-inner\">\n\t\t<div class=\"elementor-element elementor-element-67f758a e-con-full e-flex e-con e-child\" data-id=\"67f758a\" data-element_type=\"container\" data-e-type=\"container\" data-settings=\"{&quot;background_background&quot;:&quot;classic&quot;}\">\n\t\t\t\t<\/div>\n\t\t<div class=\"elementor-element elementor-element-00e6dd2 e-con-full e-flex e-con e-child\" data-id=\"00e6dd2\" data-element_type=\"container\" data-e-type=\"container\" data-settings=\"{&quot;background_background&quot;:&quot;classic&quot;}\">\n\t\t\t\t<div class=\"elementor-element elementor-element-8105eb6 elementor-widget elementor-widget-text-editor\" data-id=\"8105eb6\" data-element_type=\"widget\" data-e-type=\"widget\" id=\"turnkey\" data-widget_type=\"text-editor.default\">\n\t\t\t\t\t\t\t\t\t<h2>&#8220;KLJU\u010c U RUKE&#8221;<\/h2><p>U sklopu izgradnje pru\u017eamo sljede\u0107e usluge:<\/p><ul><li>nabavu sve potrebne i visokokvalitetne opreme,<\/li><li>izgradnju prate\u0107e infrastrukture,<\/li><li>vlastitu izradu i ugradnju elektri\u010dnih za\u0161titnih ormara, izra\u0111enih prema specifi\u010dnim tehni\u010dkim zahtjevima projekta,<\/li><li>monta\u017eu, povezivanje i zavr\u0161na ispitivanja,<\/li><li>pu\u0161tanje sustava u pogon te tehni\u010dki nadzor.<\/li><\/ul><p>Svi sustavi se predaju prema principu <strong>&#8220;klju\u010d u ruke&#8221;<\/strong> \u2013 potpuno funkcionalni, dokumentirani i spremni za dugotrajan, u\u010dinkovit rad.<\/p>\t\t\t\t\t\t\t\t<\/div>\n\t\t\t\t<\/div>\n\t\t\t\t\t<\/div>\n\t\t\t\t<\/div>\n\t\t<div class=\"elementor-element elementor-element-3a62a42d e-flex e-con-boxed e-con e-parent\" data-id=\"3a62a42d\" data-element_type=\"container\" data-e-type=\"container\">\n\t\t\t\t\t<div class=\"e-con-inner\">\n\t\t\t\t<div class=\"elementor-element elementor-element-44c42d46 elementor-widget elementor-widget-text-editor\" data-id=\"44c42d46\" data-element_type=\"widget\" data-e-type=\"widget\" id=\"additional-services\" data-widget_type=\"text-editor.default\">\n\t\t\t\t\t\t\t\t\t<h2>DODATNE USLUGE<\/h2><p>Nakon zavr\u0161etka projekta ostajemo va\u0161 partner za daljnju podr\u0161ku. Nudimo:<\/p><ul><li><strong>odr\u017eavanje i redovite preglede<\/strong> sun\u010danih elektrana,<\/li><li><strong>servis i zamjenu opreme<\/strong> uz prethodnu rezervaciju u skladi\u0161tu,<\/li><li><strong>nadzor performansi<\/strong> i brzu intervenciju u slu\u010daju kvara.<\/li><\/ul><p>S na\u0161im iskustvom, osiguravate maksimalnu u\u010dinkovitost i dugotrajnost va\u0161eg sustava.<\/p><p>\u00a0<\/p>\t\t\t\t\t\t\t\t<\/div>\n\t\t\t\t\t<\/div>\n\t\t\t\t<\/div>\n\t\t\t\t<section class=\"elementor-section elementor-top-section elementor-element elementor-element-9cdee48 elementor-section-height-min-height elementor-section-boxed elementor-section-height-default elementor-section-items-middle\" data-id=\"9cdee48\" data-element_type=\"section\" data-e-type=\"section\" data-settings=\"{&quot;background_background&quot;:&quot;classic&quot;}\">\n\t\t\t\t\t\t\t<div class=\"elementor-background-overlay\"><\/div>\n\t\t\t\t\t\t\t<div class=\"elementor-container elementor-column-gap-default\">\n\t\t\t\t\t<div class=\"elementor-column elementor-col-100 elementor-top-column elementor-element elementor-element-114a9a6\" data-id=\"114a9a6\" data-element_type=\"column\" data-e-type=\"column\">\n\t\t\t<div class=\"elementor-widget-wrap elementor-element-populated\">\n\t\t\t\t\t\t<div class=\"elementor-element elementor-element-8b9f260 elementor-widget elementor-widget-heading\" data-id=\"8b9f260\" data-element_type=\"widget\" data-e-type=\"widget\" data-widget_type=\"heading.default\">\n\t\t\t\t\t<h2 class=\"elementor-heading-title elementor-size-default\">Dogovorimo sastanak<\/h2>\t\t\t\t<\/div>\n\t\t\t\t<div class=\"elementor-element elementor-element-2badb96 elementor-widget elementor-widget-text-editor\" data-id=\"2badb96\" data-element_type=\"widget\" data-e-type=\"widget\" data-widget_type=\"text-editor.default\">\n\t\t\t\t\t\t\t\t\t<p>Na\u0161 je cilj izgraditi pouzdane, u\u010dinkovite i ekolo\u0161ki prihvatljive sustave koji stvaraju trajnu vrijednost za korisnike i \u0161iru zajednicu. EMBAR je partner koji razumije energetsku budu\u0107nost i zna kako je pretvoriti u stvarnost. Kontaktirajte nas kako biste saznali kako vam mo\u017eemo pomo\u0107i o\u017eivjeti va\u0161 energetski projekt.<\/p>\t\t\t\t\t\t\t\t<\/div>\n\t\t\t\t<div class=\"elementor-element elementor-element-1589716 elementor-align-center elementor-widget elementor-widget-button\" data-id=\"1589716\" data-element_type=\"widget\" data-e-type=\"widget\" data-widget_type=\"button.default\">\n\t\t\t\t\t\t\t\t\t\t<a class=\"elementor-button elementor-button-link elementor-size-md elementor-animation-shrink\" href=\"#footer\">\n\t\t\t\t\t\t<span class=\"elementor-button-content-wrapper\">\n\t\t\t\t\t\t\t\t\t<span class=\"elementor-button-text\">ne \u010dekajte, djelujte! <\/span>\n\t\t\t\t\t<\/span>\n\t\t\t\t\t<\/a>\n\t\t\t\t\t\t\t\t<\/div>\n\t\t\t\t\t<\/div>\n\t\t<\/div>\n\t\t\t\t\t<\/div>\n\t\t<\/section>\n\t\t\t\t<\/div>\n\t\t","protected":false},"excerpt":{"rendered":"<p>EMBAR se bavi savjetovanjem, planiranjem i izgradnjom sun\u010danih elektrana, punionica za elektri\u010dna vozila, priklju\u010dnih transformatorskih stanica te baterijskih sustava za pohranu energije (BESS). U sklopu projekata izra\u0111ujemo i vlastite elektri\u010dne za\u0161titne ormare, potpuno prilago\u0111ene tehni\u010dkim specifikacijama svakog sustava. Rje\u0161enja isporu\u010dujemo po principu \u201eklju\u010d u ruke\u201c. Spajamo stru\u010dnost, inovativnost i fleksibilnost kako bismo pru\u017eili optimizirana, pouzdana [&hellip;]<\/p>\n","protected":false},"author":1,"featured_media":0,"parent":0,"menu_order":0,"comment_status":"closed","ping_status":"closed","template":"elementor_header_footer","meta":{"ocean_post_layout":"","ocean_both_sidebars_style":"","ocean_both_sidebars_content_width":0,"ocean_both_sidebars_sidebars_width":0,"ocean_sidebar":"","ocean_second_sidebar":"","ocean_disable_margins":"enable","ocean_add_body_class":"","ocean_shortcode_before_top_bar":"","ocean_shortcode_after_top_bar":"","ocean_shortcode_before_header":"","ocean_shortcode_after_header":"","ocean_has_shortcode":"","ocean_shortcode_after_title":"","ocean_shortcode_before_footer_widgets":"","ocean_shortcode_after_footer_widgets":"","ocean_shortcode_before_footer_bottom":"","ocean_shortcode_after_footer_bottom":"","ocean_display_top_bar":"default","ocean_display_header":"default","ocean_header_style":"","ocean_center_header_left_menu":"","ocean_custom_header_template":"","ocean_custom_logo":0,"ocean_custom_retina_logo":0,"ocean_custom_logo_max_width":0,"ocean_custom_logo_tablet_max_width":0,"ocean_custom_logo_mobile_max_width":0,"ocean_custom_logo_max_height":0,"ocean_custom_logo_tablet_max_height":0,"ocean_custom_logo_mobile_max_height":0,"ocean_header_custom_menu":"","ocean_menu_typo_font_family":"","ocean_menu_typo_font_subset":"","ocean_menu_typo_font_size":0,"ocean_menu_typo_font_size_tablet":0,"ocean_menu_typo_font_size_mobile":0,"ocean_menu_typo_font_size_unit":"px","ocean_menu_typo_font_weight":"","ocean_menu_typo_font_weight_tablet":"","ocean_menu_typo_font_weight_mobile":"","ocean_menu_typo_transform":"","ocean_menu_typo_transform_tablet":"","ocean_menu_typo_transform_mobile":"","ocean_menu_typo_line_height":0,"ocean_menu_typo_line_height_tablet":0,"ocean_menu_typo_line_height_mobile":0,"ocean_menu_typo_line_height_unit":"","ocean_menu_typo_spacing":0,"ocean_menu_typo_spacing_tablet":0,"ocean_menu_typo_spacing_mobile":0,"ocean_menu_typo_spacing_unit":"","ocean_menu_link_color":"","ocean_menu_link_color_hover":"","ocean_menu_link_color_active":"","ocean_menu_link_background":"","ocean_menu_link_hover_background":"","ocean_menu_link_active_background":"","ocean_menu_social_links_bg":"","ocean_menu_social_hover_links_bg":"","ocean_menu_social_links_color":"","ocean_menu_social_hover_links_color":"","ocean_disable_title":"default","ocean_disable_heading":"default","ocean_post_title":"","ocean_post_subheading":"","ocean_post_title_style":"","ocean_post_title_background_color":"","ocean_post_title_background":0,"ocean_post_title_bg_image_position":"","ocean_post_title_bg_image_attachment":"","ocean_post_title_bg_image_repeat":"","ocean_post_title_bg_image_size":"","ocean_post_title_height":0,"ocean_post_title_bg_overlay":0.5,"ocean_post_title_bg_overlay_color":"","ocean_disable_breadcrumbs":"default","ocean_breadcrumbs_color":"","ocean_breadcrumbs_separator_color":"","ocean_breadcrumbs_links_color":"","ocean_breadcrumbs_links_hover_color":"","ocean_display_footer_widgets":"default","ocean_display_footer_bottom":"default","ocean_custom_footer_template":"","osh_disable_topbar_sticky":"default","osh_disable_header_sticky":"default","osh_sticky_header_style":"default","osh_sticky_header_effect":"","osh_custom_sticky_logo":0,"osh_custom_retina_sticky_logo":0,"osh_custom_sticky_logo_height":0,"osh_background_color":"","osh_links_color":"","osh_links_hover_color":"","osh_links_active_color":"","osh_links_bg_color":"","osh_links_hover_bg_color":"","osh_links_active_bg_color":"","osh_menu_social_links_color":"","osh_menu_social_hover_links_color":"","footnotes":""},"class_list":["post-713","page","type-page","status-publish","hentry","entry"],"_links":{"self":[{"href":"https:\/\/embar.eib.hr\/hr\/wp-json\/wp\/v2\/pages\/713","targetHints":{"allow":["GET"]}}],"collection":[{"href":"https:\/\/embar.eib.hr\/hr\/wp-json\/wp\/v2\/pages"}],"about":[{"href":"https:\/\/embar.eib.hr\/hr\/wp-json\/wp\/v2\/types\/page"}],"author":[{"embeddable":true,"href":"https:\/\/embar.eib.hr\/hr\/wp-json\/wp\/v2\/users\/1"}],"replies":[{"embeddable":true,"href":"https:\/\/embar.eib.hr\/hr\/wp-json\/wp\/v2\/comments?post=713"}],"version-history":[{"count":34,"href":"https:\/\/embar.eib.hr\/hr\/wp-json\/wp\/v2\/pages\/713\/revisions"}],"predecessor-version":[{"id":967,"href":"https:\/\/embar.eib.hr\/hr\/wp-json\/wp\/v2\/pages\/713\/revisions\/967"}],"wp:attachment":[{"href":"https:\/\/embar.eib.hr\/hr\/wp-json\/wp\/v2\/media?parent=713"}],"curies":[{"name":"wp","href":"https:\/\/api.w.org\/{rel}","templated":true}]}}