{"id":705,"date":"2025-11-06T09:43:32","date_gmt":"2025-11-06T09:43:32","guid":{"rendered":"https:\/\/embar.eib.hr\/?page_id=705"},"modified":"2025-12-05T08:15:53","modified_gmt":"2025-12-05T08:15:53","slug":"o-nama","status":"publish","type":"page","link":"https:\/\/embar.eib.hr\/hr\/o-nama\/","title":{"rendered":"O nama"},"content":{"rendered":"\t\t<div data-elementor-type=\"wp-page\" data-elementor-id=\"705\" class=\"elementor elementor-705 elementor-641\" data-elementor-post-type=\"page\">\n\t\t\t\t\t\t<section class=\"elementor-section elementor-top-section elementor-element elementor-element-fdbf3e3 elementor-section-boxed elementor-section-height-default elementor-section-height-default\" data-id=\"fdbf3e3\" data-element_type=\"section\" data-e-type=\"section\">\n\t\t\t\t\t\t<div class=\"elementor-container elementor-column-gap-default\">\n\t\t\t\t\t<div class=\"elementor-column elementor-col-50 elementor-top-column elementor-element elementor-element-6ccabe5\" data-id=\"6ccabe5\" data-element_type=\"column\" data-e-type=\"column\">\n\t\t\t<div class=\"elementor-widget-wrap elementor-element-populated\">\n\t\t\t\t\t\t<div class=\"elementor-element elementor-element-37b7874 elementor-widget elementor-widget-heading\" data-id=\"37b7874\" data-element_type=\"widget\" data-e-type=\"widget\" data-widget_type=\"heading.default\">\n\t\t\t\t\t<h2 class=\"elementor-heading-title elementor-size-default\">EMBAR \u2013 SNAGA OBNOVLJIVOSTI<\/h2>\t\t\t\t<\/div>\n\t\t\t\t<div class=\"elementor-element elementor-element-6fafbc6 elementor-widget elementor-widget-text-editor\" data-id=\"6fafbc6\" data-element_type=\"widget\" data-e-type=\"widget\" data-widget_type=\"text-editor.default\">\n\t\t\t\t\t\t\t\t\t<p>Osnovan 2024. godine kao poslovna jedinica unutar <strong>Elektro In\u017eenjerskog biroa<\/strong> iz Zagreba, EMBAR se nadovezuje na bogato naslije\u0111e EIB-a \u2013 jedne od vode\u0107ih hrvatskih tvrtki u podru\u010dju elektroin\u017eenjeringa, koja uspje\u0161no posluje jo\u0161 od 1996. godine.<\/p><p>S realiziranim projektima diljem Europe, Azije, Ju\u017ene Amerike i Afrike, ta povezanost donosi nam dubinsko tehni\u010dko znanje, provjerene procese i sna\u017enu poslovnu osnovu.<br \/>Kombiniramo <strong>stru\u010dnost, inovativnost i fleksibilnost<\/strong> kako bismo pru\u017eili optimizirana, pouzdana i dugoro\u010dno isplativa energetska rje\u0161enja \u2013 za ku\u0107anstva, hotele, poslovne objekte i industrijske pogone.<\/p><p>Na\u0161a stru\u010dnost obuhva\u0107a <strong>savjetovanje, planiranje i izgradnju<\/strong>:<\/p><ul><li>sun\u010danih elektrana,<\/li><li>punionica za elektri\u010dna vozila,<\/li><li>priklju\u010dnih transformatorskih stanica i<\/li><li>baterijskih sustava za pohranu energije (BESS).<\/li><\/ul><p>Na\u0161e usluge obuhva\u0107aju cjelokupni proces te radimo po principu <strong>\u201eklju\u010d u ruke\u201c<\/strong>: od savjetovanja i projektiranja, preko nabave opreme i izgradnje, do pu\u0161tanja sustava u pogon.<\/p><p>U sklopu projekata <strong>nudimo i proizvodnju elektri\u010dnih za\u0161titnih ormara,<\/strong> izra\u0111enih prema specifi\u010dnim tehni\u010dkim zahtjevima svakog projekta.\u00a0Vodimo se najvi\u0161im stru\u010dnim i eti\u010dkim standardima, a uspjeh mjerimo prema zadovoljstvu na\u0161ih klijenata.<\/p><p>Pa\u017eljivo slu\u0161amo, savjetujemo i pronalazimo optimalna, izvediva i dugoro\u010dno isplativa rje\u0161enja \u2013 bez obzira na veli\u010dinu ili slo\u017eenost projekta.<\/p>\t\t\t\t\t\t\t\t<\/div>\n\t\t\t\t<div class=\"elementor-element elementor-element-dfab8b0 elementor-mobile-align-center elementor-widget elementor-widget-button\" data-id=\"dfab8b0\" data-element_type=\"widget\" data-e-type=\"widget\" data-widget_type=\"button.default\">\n\t\t\t\t\t\t\t\t\t\t<a class=\"elementor-button elementor-button-link elementor-size-md elementor-animation-shrink\" href=\"#footer\">\n\t\t\t\t\t\t<span class=\"elementor-button-content-wrapper\">\n\t\t\t\t\t\t\t\t\t<span class=\"elementor-button-text\">kontaktirajte nas <\/span>\n\t\t\t\t\t<\/span>\n\t\t\t\t\t<\/a>\n\t\t\t\t\t\t\t\t<\/div>\n\t\t\t\t\t<\/div>\n\t\t<\/div>\n\t\t\t\t<div class=\"elementor-column elementor-col-50 elementor-top-column elementor-element elementor-element-b58e7e0\" data-id=\"b58e7e0\" data-element_type=\"column\" data-e-type=\"column\">\n\t\t\t<div class=\"elementor-widget-wrap elementor-element-populated\">\n\t\t\t\t\t\t<div class=\"elementor-element elementor-element-5b290c6 elementor-widget elementor-widget-image\" data-id=\"5b290c6\" data-element_type=\"widget\" data-e-type=\"widget\" data-widget_type=\"image.default\">\n\t\t\t\t\t\t\t\t\t\t\t\t\t\t\t<img decoding=\"async\" src=\"http:\/\/arquitecte.oceanwp.org\/wp-content\/uploads\/2023\/04\/ocean_galler-item-010.jpg\" title=\"\" alt=\"\" class=\"elementor-animation-shrink\" loading=\"lazy\" \/>\t\t\t\t\t\t\t\t\t\t\t\t\t\t\t<\/div>\n\t\t\t\t<section class=\"elementor-section elementor-inner-section elementor-element elementor-element-b6f8f2b elementor-section-boxed elementor-section-height-default elementor-section-height-default\" data-id=\"b6f8f2b\" data-element_type=\"section\" data-e-type=\"section\">\n\t\t\t\t\t\t<div class=\"elementor-container elementor-column-gap-no\">\n\t\t\t\t\t<div class=\"elementor-column elementor-col-50 elementor-inner-column elementor-element elementor-element-d435a87\" data-id=\"d435a87\" data-element_type=\"column\" data-e-type=\"column\">\n\t\t\t<div class=\"elementor-widget-wrap elementor-element-populated\">\n\t\t\t\t\t\t<div class=\"elementor-element elementor-element-c800ad5 elementor-widget elementor-widget-image\" data-id=\"c800ad5\" data-element_type=\"widget\" data-e-type=\"widget\" data-widget_type=\"image.default\">\n\t\t\t\t\t\t\t\t\t\t\t\t\t\t\t<img fetchpriority=\"high\" decoding=\"async\" width=\"1024\" height=\"684\" src=\"https:\/\/embar.eib.hr\/wp-content\/uploads\/2023\/04\/ocean_galler-item-009.jpg\" class=\"elementor-animation-shrink attachment-large size-large wp-image-700\" alt=\"\" srcset=\"https:\/\/embar.eib.hr\/wp-content\/uploads\/2023\/04\/ocean_galler-item-009.jpg 1024w, https:\/\/embar.eib.hr\/wp-content\/uploads\/2023\/04\/ocean_galler-item-009-300x200.jpg 300w, https:\/\/embar.eib.hr\/wp-content\/uploads\/2023\/04\/ocean_galler-item-009-768x513.jpg 768w\" sizes=\"(max-width: 1024px) 100vw, 1024px\" \/>\t\t\t\t\t\t\t\t\t\t\t\t\t\t\t<\/div>\n\t\t\t\t\t<\/div>\n\t\t<\/div>\n\t\t\t\t<div class=\"elementor-column elementor-col-50 elementor-inner-column elementor-element elementor-element-c46bfbb\" data-id=\"c46bfbb\" data-element_type=\"column\" data-e-type=\"column\">\n\t\t\t<div class=\"elementor-widget-wrap elementor-element-populated\">\n\t\t\t\t\t\t<div class=\"elementor-element elementor-element-c8a9218 elementor-widget elementor-widget-image\" data-id=\"c8a9218\" data-element_type=\"widget\" data-e-type=\"widget\" data-widget_type=\"image.default\">\n\t\t\t\t\t\t\t\t\t\t\t\t\t\t\t<img decoding=\"async\" width=\"1200\" height=\"800\" src=\"https:\/\/embar.eib.hr\/wp-content\/uploads\/2025\/12\/chargers.jpg\" class=\"elementor-animation-shrink attachment-full size-full wp-image-938\" alt=\"\" srcset=\"https:\/\/embar.eib.hr\/wp-content\/uploads\/2025\/12\/chargers.jpg 1200w, https:\/\/embar.eib.hr\/wp-content\/uploads\/2025\/12\/chargers-300x200.jpg 300w, https:\/\/embar.eib.hr\/wp-content\/uploads\/2025\/12\/chargers-1024x683.jpg 1024w, https:\/\/embar.eib.hr\/wp-content\/uploads\/2025\/12\/chargers-768x512.jpg 768w\" sizes=\"(max-width: 1200px) 100vw, 1200px\" \/>\t\t\t\t\t\t\t\t\t\t\t\t\t\t\t<\/div>\n\t\t\t\t\t<\/div>\n\t\t<\/div>\n\t\t\t\t\t<\/div>\n\t\t<\/section>\n\t\t\t\t\t<\/div>\n\t\t<\/div>\n\t\t\t\t\t<\/div>\n\t\t<\/section>\n\t\t\t\t<section class=\"elementor-section elementor-top-section elementor-element elementor-element-ad48a4d elementor-reverse-tablet elementor-reverse-mobile elementor-section-boxed elementor-section-height-default elementor-section-height-default\" data-id=\"ad48a4d\" data-element_type=\"section\" data-e-type=\"section\">\n\t\t\t\t\t\t<div class=\"elementor-container elementor-column-gap-default\">\n\t\t\t\t\t<div class=\"elementor-column elementor-col-50 elementor-top-column elementor-element elementor-element-ac81787\" data-id=\"ac81787\" data-element_type=\"column\" data-e-type=\"column\">\n\t\t\t<div class=\"elementor-widget-wrap elementor-element-populated\">\n\t\t\t\t\t\t<div class=\"elementor-element elementor-element-ba719d7 elementor-widget elementor-widget-image\" data-id=\"ba719d7\" data-element_type=\"widget\" data-e-type=\"widget\" data-widget_type=\"image.default\">\n\t\t\t\t\t\t\t\t\t\t\t\t\t\t\t<img decoding=\"async\" width=\"1024\" height=\"585\" src=\"https:\/\/embar.eib.hr\/wp-content\/uploads\/2025\/12\/design-1024x585.jpg\" class=\"elementor-animation-shrink attachment-large size-large wp-image-939\" alt=\"\" srcset=\"https:\/\/embar.eib.hr\/wp-content\/uploads\/2025\/12\/design-1024x585.jpg 1024w, https:\/\/embar.eib.hr\/wp-content\/uploads\/2025\/12\/design-300x171.jpg 300w, https:\/\/embar.eib.hr\/wp-content\/uploads\/2025\/12\/design-768x439.jpg 768w, https:\/\/embar.eib.hr\/wp-content\/uploads\/2025\/12\/design.jpg 1344w\" sizes=\"(max-width: 1024px) 100vw, 1024px\" \/>\t\t\t\t\t\t\t\t\t\t\t\t\t\t\t<\/div>\n\t\t\t\t<section class=\"elementor-section elementor-inner-section elementor-element elementor-element-4b512cb elementor-section-boxed elementor-section-height-default elementor-section-height-default\" data-id=\"4b512cb\" data-element_type=\"section\" data-e-type=\"section\">\n\t\t\t\t\t\t<div class=\"elementor-container elementor-column-gap-no\">\n\t\t\t\t\t<div class=\"elementor-column elementor-col-50 elementor-inner-column elementor-element elementor-element-b71dbc8\" data-id=\"b71dbc8\" data-element_type=\"column\" data-e-type=\"column\">\n\t\t\t<div class=\"elementor-widget-wrap elementor-element-populated\">\n\t\t\t\t\t\t<div class=\"elementor-element elementor-element-2b1c21a elementor-widget elementor-widget-image\" data-id=\"2b1c21a\" data-element_type=\"widget\" data-e-type=\"widget\" data-widget_type=\"image.default\">\n\t\t\t\t\t\t\t\t\t\t\t\t\t\t\t<img loading=\"lazy\" decoding=\"async\" width=\"840\" height=\"430\" src=\"https:\/\/embar.eib.hr\/wp-content\/uploads\/2025\/12\/solar-on-ground.jpg\" class=\"elementor-animation-shrink attachment-large size-large wp-image-940\" alt=\"\" srcset=\"https:\/\/embar.eib.hr\/wp-content\/uploads\/2025\/12\/solar-on-ground.jpg 840w, https:\/\/embar.eib.hr\/wp-content\/uploads\/2025\/12\/solar-on-ground-300x154.jpg 300w, https:\/\/embar.eib.hr\/wp-content\/uploads\/2025\/12\/solar-on-ground-768x393.jpg 768w\" sizes=\"(max-width: 840px) 100vw, 840px\" \/>\t\t\t\t\t\t\t\t\t\t\t\t\t\t\t<\/div>\n\t\t\t\t\t<\/div>\n\t\t<\/div>\n\t\t\t\t<div class=\"elementor-column elementor-col-50 elementor-inner-column elementor-element elementor-element-2444e77\" data-id=\"2444e77\" data-element_type=\"column\" data-e-type=\"column\">\n\t\t\t<div class=\"elementor-widget-wrap elementor-element-populated\">\n\t\t\t\t\t\t<div class=\"elementor-element elementor-element-4b98b88 elementor-widget elementor-widget-image\" data-id=\"4b98b88\" data-element_type=\"widget\" data-e-type=\"widget\" data-widget_type=\"image.default\">\n\t\t\t\t\t\t\t\t\t\t\t\t\t\t\t<img loading=\"lazy\" decoding=\"async\" width=\"1024\" height=\"585\" src=\"https:\/\/embar.eib.hr\/wp-content\/uploads\/2025\/12\/teambuildings-1024x585.jpg\" class=\"elementor-animation-shrink attachment-large size-large wp-image-941\" alt=\"\" srcset=\"https:\/\/embar.eib.hr\/wp-content\/uploads\/2025\/12\/teambuildings-1024x585.jpg 1024w, https:\/\/embar.eib.hr\/wp-content\/uploads\/2025\/12\/teambuildings-300x171.jpg 300w, https:\/\/embar.eib.hr\/wp-content\/uploads\/2025\/12\/teambuildings-768x439.jpg 768w, https:\/\/embar.eib.hr\/wp-content\/uploads\/2025\/12\/teambuildings.jpg 1344w\" sizes=\"(max-width: 1024px) 100vw, 1024px\" \/>\t\t\t\t\t\t\t\t\t\t\t\t\t\t\t<\/div>\n\t\t\t\t\t<\/div>\n\t\t<\/div>\n\t\t\t\t\t<\/div>\n\t\t<\/section>\n\t\t\t\t\t<\/div>\n\t\t<\/div>\n\t\t\t\t<div class=\"elementor-column elementor-col-50 elementor-top-column elementor-element elementor-element-8bec73c\" data-id=\"8bec73c\" data-element_type=\"column\" data-e-type=\"column\">\n\t\t\t<div class=\"elementor-widget-wrap elementor-element-populated\">\n\t\t\t\t\t\t<div class=\"elementor-element elementor-element-662a114 elementor-widget elementor-widget-heading\" data-id=\"662a114\" data-element_type=\"widget\" data-e-type=\"widget\" data-widget_type=\"heading.default\">\n\t\t\t\t\t<h2 class=\"elementor-heading-title elementor-size-default\">Na\u0161e temeljne vrijednosti<\/h2>\t\t\t\t<\/div>\n\t\t\t\t<div class=\"elementor-element elementor-element-e1b9e81 elementor-widget elementor-widget-text-editor\" data-id=\"e1b9e81\" data-element_type=\"widget\" data-e-type=\"widget\" data-widget_type=\"text-editor.default\">\n\t\t\t\t\t\t\t\t\t<p>Temelj na\u0161eg uspjeha je <strong>kvaliteta<\/strong> \u2013 prepoznata i \u010desto pohvaljena od strane na\u0161ih klijenata, koja proizlazi iz na\u0161ih ljudi.\u00a0 Visokomotivirani i stru\u010dni in\u017eenjeri \u010dine na\u0161 stabilan i predan tim.<\/p><p>Prosje\u010dna dob zaposlenika u EIB-u je 33 godine, uz prosje\u010dno 9 godina profesionalnog iskustva, \u0161to pokazuje da su mnogi od njih s nama od samih po\u010detaka svojih karijera.<\/p><p><br \/>Izuzetno nizak stupanj fluktuacije osigurava <strong>kontinuitet znanja, stru\u010dnosti i pouzdanosti<\/strong> u realizaciji slo\u017eenih tehni\u010dkih rje\u0161enja.<\/p><p>Vodimo se najvi\u0161im stru\u010dnim i eti\u010dkim standardima, a na\u0161 uspjeh mjerimo zadovoljstvom klijenata.<\/p><p>Na\u0161i prioriteti uklju\u010duju:<br \/>\u2022 stvaranje radnog okru\u017eenja usmjerenog na ljude,<br \/>\u2022 kontinuirani profesionalni razvoj,<br \/>\u2022 ulaganje u najnovije tehnologije i infrastrukturu.<\/p><p>Od po\u010detnog savjetovanja i isho\u0111enja potrebnih suglasnosti, preko ugradnje i testiranja opreme, do dugoro\u010dnog odr\u017eavanja \u2013 <strong>pru\u017eamo podr\u0161ku u svakoj fazi projekta.<\/strong><\/p><p>Kvaliteta, odr\u017eivost, za\u0161tita okoli\u0161a i sigurnost temelj su svega \u0161to radimo.\u00a0<\/p>\t\t\t\t\t\t\t\t<\/div>\n\t\t\t\t<div class=\"elementor-element elementor-element-d378a8a elementor-mobile-align-center elementor-widget elementor-widget-button\" data-id=\"d378a8a\" data-element_type=\"widget\" data-e-type=\"widget\" data-widget_type=\"button.default\">\n\t\t\t\t\t\t\t\t\t\t<a class=\"elementor-button elementor-button-link elementor-size-md elementor-animation-shrink\" href=\"https:\/\/embar.eib.hr\/index.php\/join-our-team\/\">\n\t\t\t\t\t\t<span class=\"elementor-button-content-wrapper\">\n\t\t\t\t\t\t\t\t\t<span class=\"elementor-button-text\">Pridru\u017eite se na\u0161em timu <\/span>\n\t\t\t\t\t<\/span>\n\t\t\t\t\t<\/a>\n\t\t\t\t\t\t\t\t<\/div>\n\t\t\t\t\t<\/div>\n\t\t<\/div>\n\t\t\t\t\t<\/div>\n\t\t<\/section>\n\t\t\t\t<\/div>\n\t\t","protected":false},"excerpt":{"rendered":"<p>EMBAR \u2013 SNAGA OBNOVLJIVOSTI Osnovan 2024. godine kao poslovna jedinica unutar Elektro In\u017eenjerskog biroa iz Zagreba, EMBAR se nadovezuje na bogato naslije\u0111e EIB-a \u2013 jedne od vode\u0107ih hrvatskih tvrtki u podru\u010dju elektroin\u017eenjeringa, koja uspje\u0161no posluje jo\u0161 od 1996. godine. S realiziranim projektima diljem Europe, Azije, Ju\u017ene Amerike i Afrike, ta povezanost donosi nam dubinsko tehni\u010dko [&hellip;]<\/p>\n","protected":false},"author":1,"featured_media":0,"parent":0,"menu_order":0,"comment_status":"closed","ping_status":"closed","template":"elementor_header_footer","meta":{"ocean_post_layout":"","ocean_both_sidebars_style":"","ocean_both_sidebars_content_width":0,"ocean_both_sidebars_sidebars_width":0,"ocean_sidebar":"","ocean_second_sidebar":"","ocean_disable_margins":"enable","ocean_add_body_class":"","ocean_shortcode_before_top_bar":"","ocean_shortcode_after_top_bar":"","ocean_shortcode_before_header":"","ocean_shortcode_after_header":"","ocean_has_shortcode":"","ocean_shortcode_after_title":"","ocean_shortcode_before_footer_widgets":"","ocean_shortcode_after_footer_widgets":"","ocean_shortcode_before_footer_bottom":"","ocean_shortcode_after_footer_bottom":"","ocean_display_top_bar":"default","ocean_display_header":"default","ocean_header_style":"","ocean_center_header_left_menu":"","ocean_custom_header_template":"","ocean_custom_logo":0,"ocean_custom_retina_logo":0,"ocean_custom_logo_max_width":0,"ocean_custom_logo_tablet_max_width":0,"ocean_custom_logo_mobile_max_width":0,"ocean_custom_logo_max_height":0,"ocean_custom_logo_tablet_max_height":0,"ocean_custom_logo_mobile_max_height":0,"ocean_header_custom_menu":"","ocean_menu_typo_font_family":"","ocean_menu_typo_font_subset":"","ocean_menu_typo_font_size":0,"ocean_menu_typo_font_size_tablet":0,"ocean_menu_typo_font_size_mobile":0,"ocean_menu_typo_font_size_unit":"px","ocean_menu_typo_font_weight":"","ocean_menu_typo_font_weight_tablet":"","ocean_menu_typo_font_weight_mobile":"","ocean_menu_typo_transform":"","ocean_menu_typo_transform_tablet":"","ocean_menu_typo_transform_mobile":"","ocean_menu_typo_line_height":0,"ocean_menu_typo_line_height_tablet":0,"ocean_menu_typo_line_height_mobile":0,"ocean_menu_typo_line_height_unit":"","ocean_menu_typo_spacing":0,"ocean_menu_typo_spacing_tablet":0,"ocean_menu_typo_spacing_mobile":0,"ocean_menu_typo_spacing_unit":"","ocean_menu_link_color":"","ocean_menu_link_color_hover":"","ocean_menu_link_color_active":"","ocean_menu_link_background":"","ocean_menu_link_hover_background":"","ocean_menu_link_active_background":"","ocean_menu_social_links_bg":"","ocean_menu_social_hover_links_bg":"","ocean_menu_social_links_color":"","ocean_menu_social_hover_links_color":"","ocean_disable_title":"default","ocean_disable_heading":"default","ocean_post_title":"","ocean_post_subheading":"","ocean_post_title_style":"","ocean_post_title_background_color":"","ocean_post_title_background":0,"ocean_post_title_bg_image_position":"","ocean_post_title_bg_image_attachment":"","ocean_post_title_bg_image_repeat":"","ocean_post_title_bg_image_size":"","ocean_post_title_height":0,"ocean_post_title_bg_overlay":0.5,"ocean_post_title_bg_overlay_color":"","ocean_disable_breadcrumbs":"default","ocean_breadcrumbs_color":"","ocean_breadcrumbs_separator_color":"","ocean_breadcrumbs_links_color":"","ocean_breadcrumbs_links_hover_color":"","ocean_display_footer_widgets":"default","ocean_display_footer_bottom":"default","ocean_custom_footer_template":"","osh_disable_topbar_sticky":"default","osh_disable_header_sticky":"default","osh_sticky_header_style":"default","osh_sticky_header_effect":"","osh_custom_sticky_logo":0,"osh_custom_retina_sticky_logo":0,"osh_custom_sticky_logo_height":0,"osh_background_color":"","osh_links_color":"","osh_links_hover_color":"","osh_links_active_color":"","osh_links_bg_color":"","osh_links_hover_bg_color":"","osh_links_active_bg_color":"","osh_menu_social_links_color":"","osh_menu_social_hover_links_color":"","footnotes":""},"class_list":["post-705","page","type-page","status-publish","hentry","entry"],"_links":{"self":[{"href":"https:\/\/embar.eib.hr\/hr\/wp-json\/wp\/v2\/pages\/705","targetHints":{"allow":["GET"]}}],"collection":[{"href":"https:\/\/embar.eib.hr\/hr\/wp-json\/wp\/v2\/pages"}],"about":[{"href":"https:\/\/embar.eib.hr\/hr\/wp-json\/wp\/v2\/types\/page"}],"author":[{"embeddable":true,"href":"https:\/\/embar.eib.hr\/hr\/wp-json\/wp\/v2\/users\/1"}],"replies":[{"embeddable":true,"href":"https:\/\/embar.eib.hr\/hr\/wp-json\/wp\/v2\/comments?post=705"}],"version-history":[{"count":23,"href":"https:\/\/embar.eib.hr\/hr\/wp-json\/wp\/v2\/pages\/705\/revisions"}],"predecessor-version":[{"id":944,"href":"https:\/\/embar.eib.hr\/hr\/wp-json\/wp\/v2\/pages\/705\/revisions\/944"}],"wp:attachment":[{"href":"https:\/\/embar.eib.hr\/hr\/wp-json\/wp\/v2\/media?parent=705"}],"curies":[{"name":"wp","href":"https:\/\/api.w.org\/{rel}","templated":true}]}}